{"id":1066,"date":"2024-01-24T03:51:59","date_gmt":"2024-01-24T03:51:59","guid":{"rendered":"https:\/\/authenticpilatesmexico.com\/wp\/?page_id=1066"},"modified":"2026-04-29T02:07:01","modified_gmt":"2026-04-29T02:07:01","slug":"3-certificacion-authentic-pilates-mexico","status":"publish","type":"page","link":"https:\/\/authenticpilatesmexico.com\/wp\/3-certificacion-authentic-pilates-mexico\/","title":{"rendered":"3 Certificaci\u00f3n Authentic Pilates M\u00e9xico"},"content":{"rendered":"<p style=\"\">Authentic Pilates M\u00e9xico<\/p>\n<h1 style=\"text-align: left; color: rgb(76, 20, 86) !important; --tcb-applied-color: rgb(76, 20, 86) !important;\">Curso de Certificaci\u00f3n para Instructores de Pilates<\/h1>\n<p style=\"\">En Authentic Pilates M\u00e9xico, nos enorgullece ser un referente de excelencia en la ense\u00f1anza del M\u00e9todo Pilates Cl\u00e1sico, basado en la tradici\u00f3n de Joseph Pilates<\/p>\n<p><span><img decoding=\"async\" alt=\"\" data-id=\"1372\" width=\"1600\" height=\"1067\" title=\"_DSC6400_0001_Layer-3(1)\" src=\"https:\/\/authenticpilatesmexico.com\/wp\/wp-content\/uploads\/2025\/07\/DSC6400_0001_Layer-31-1024x683.webp\" data-src=\"https:\/\/authenticpilatesmexico.com\/wp\/wp-content\/uploads\/2025\/07\/DSC6400_0001_Layer-31-300x200.webp\" loading=\"lazy\" data-sizes=\"{&quot;thumbnail&quot;:{&quot;height&quot;:150,&quot;width&quot;:150,&quot;url&quot;:&quot;https:\/\/authenticpilatesmexico.com\/wp\/wp-content\/uploads\/2025\/07\/DSC6400_0001_Layer-31-150x150.webp&quot;,&quot;orientation&quot;:&quot;landscape&quot;},&quot;medium&quot;:{&quot;height&quot;:200,&quot;width&quot;:300,&quot;url&quot;:&quot;https:\/\/authenticpilatesmexico.com\/wp\/wp-content\/uploads\/2025\/07\/DSC6400_0001_Layer-31-300x200.webp&quot;,&quot;orientation&quot;:&quot;landscape&quot;},&quot;large&quot;:{&quot;height&quot;:683,&quot;width&quot;:1024,&quot;url&quot;:&quot;https:\/\/authenticpilatesmexico.com\/wp\/wp-content\/uploads\/2025\/07\/DSC6400_0001_Layer-31-1024x683.webp&quot;,&quot;orientation&quot;:&quot;landscape&quot;},&quot;full&quot;:{&quot;url&quot;:&quot;https:\/\/authenticpilatesmexico.com\/wp\/wp-content\/uploads\/2025\/07\/DSC6400_0001_Layer-31.webp&quot;,&quot;height&quot;:1067,&quot;width&quot;:1600,&quot;orientation&quot;:&quot;landscape&quot;}}\" style=\"\"><\/span><span><img decoding=\"async\" alt=\"\" data-id=\"1373\" width=\"1600\" height=\"1067\" title=\"_DSC6400_0002_Layer-2(1)\" src=\"https:\/\/authenticpilatesmexico.com\/wp\/wp-content\/uploads\/2025\/07\/DSC6400_0002_Layer-21-1024x683.webp\" data-src=\"https:\/\/authenticpilatesmexico.com\/wp\/wp-content\/uploads\/2025\/07\/DSC6400_0002_Layer-21-300x200.webp\" loading=\"lazy\" data-sizes=\"{&quot;thumbnail&quot;:{&quot;height&quot;:150,&quot;width&quot;:150,&quot;url&quot;:&quot;https:\/\/authenticpilatesmexico.com\/wp\/wp-content\/uploads\/2025\/07\/DSC6400_0002_Layer-21-150x150.webp&quot;,&quot;orientation&quot;:&quot;landscape&quot;},&quot;medium&quot;:{&quot;height&quot;:200,&quot;width&quot;:300,&quot;url&quot;:&quot;https:\/\/authenticpilatesmexico.com\/wp\/wp-content\/uploads\/2025\/07\/DSC6400_0002_Layer-21-300x200.webp&quot;,&quot;orientation&quot;:&quot;landscape&quot;},&quot;large&quot;:{&quot;height&quot;:683,&quot;width&quot;:1024,&quot;url&quot;:&quot;https:\/\/authenticpilatesmexico.com\/wp\/wp-content\/uploads\/2025\/07\/DSC6400_0002_Layer-21-1024x683.webp&quot;,&quot;orientation&quot;:&quot;landscape&quot;},&quot;full&quot;:{&quot;url&quot;:&quot;https:\/\/authenticpilatesmexico.com\/wp\/wp-content\/uploads\/2025\/07\/DSC6400_0002_Layer-21.webp&quot;,&quot;height&quot;:1067,&quot;width&quot;:1600,&quot;orientation&quot;:&quot;landscape&quot;}}\" style=\"\"><\/span><span><img decoding=\"async\" alt=\"\" data-id=\"1374\" width=\"1600\" height=\"1067\" title=\"_DSC6400_0000_Layer-4\" src=\"https:\/\/authenticpilatesmexico.com\/wp\/wp-content\/uploads\/2025\/07\/DSC6400_0000_Layer-4-1024x683.webp\" data-src=\"https:\/\/authenticpilatesmexico.com\/wp\/wp-content\/uploads\/2025\/07\/DSC6400_0000_Layer-4-300x200.webp\" loading=\"lazy\" data-sizes=\"{&quot;thumbnail&quot;:{&quot;height&quot;:150,&quot;width&quot;:150,&quot;url&quot;:&quot;https:\/\/authenticpilatesmexico.com\/wp\/wp-content\/uploads\/2025\/07\/DSC6400_0000_Layer-4-150x150.webp&quot;,&quot;orientation&quot;:&quot;landscape&quot;},&quot;medium&quot;:{&quot;height&quot;:200,&quot;width&quot;:300,&quot;url&quot;:&quot;https:\/\/authenticpilatesmexico.com\/wp\/wp-content\/uploads\/2025\/07\/DSC6400_0000_Layer-4-300x200.webp&quot;,&quot;orientation&quot;:&quot;landscape&quot;},&quot;large&quot;:{&quot;height&quot;:683,&quot;width&quot;:1024,&quot;url&quot;:&quot;https:\/\/authenticpilatesmexico.com\/wp\/wp-content\/uploads\/2025\/07\/DSC6400_0000_Layer-4-1024x683.webp&quot;,&quot;orientation&quot;:&quot;landscape&quot;},&quot;full&quot;:{&quot;url&quot;:&quot;https:\/\/authenticpilatesmexico.com\/wp\/wp-content\/uploads\/2025\/07\/DSC6400_0000_Layer-4.webp&quot;,&quot;height&quot;:1067,&quot;width&quot;:1600,&quot;orientation&quot;:&quot;landscape&quot;}}\" style=\"\"><\/span><span><img decoding=\"async\" alt=\"\" data-id=\"1375\" width=\"1600\" height=\"1067\" title=\"_DSC6400_0003_Background(1)\" src=\"https:\/\/authenticpilatesmexico.com\/wp\/wp-content\/uploads\/2025\/07\/DSC6400_0003_Background1-1024x683.webp\" data-src=\"https:\/\/authenticpilatesmexico.com\/wp\/wp-content\/uploads\/2025\/07\/DSC6400_0003_Background1-300x200.webp\" loading=\"lazy\" data-sizes=\"{&quot;thumbnail&quot;:{&quot;height&quot;:150,&quot;width&quot;:150,&quot;url&quot;:&quot;https:\/\/authenticpilatesmexico.com\/wp\/wp-content\/uploads\/2025\/07\/DSC6400_0003_Background1-150x150.webp&quot;,&quot;orientation&quot;:&quot;landscape&quot;},&quot;medium&quot;:{&quot;height&quot;:200,&quot;width&quot;:300,&quot;url&quot;:&quot;https:\/\/authenticpilatesmexico.com\/wp\/wp-content\/uploads\/2025\/07\/DSC6400_0003_Background1-300x200.webp&quot;,&quot;orientation&quot;:&quot;landscape&quot;},&quot;large&quot;:{&quot;height&quot;:683,&quot;width&quot;:1024,&quot;url&quot;:&quot;https:\/\/authenticpilatesmexico.com\/wp\/wp-content\/uploads\/2025\/07\/DSC6400_0003_Background1-1024x683.webp&quot;,&quot;orientation&quot;:&quot;landscape&quot;},&quot;full&quot;:{&quot;url&quot;:&quot;https:\/\/authenticpilatesmexico.com\/wp\/wp-content\/uploads\/2025\/07\/DSC6400_0003_Background1.webp&quot;,&quot;height&quot;:1067,&quot;width&quot;:1600,&quot;orientation&quot;:&quot;landscape&quot;}}\" style=\"\"><\/span><\/p>\n<p style=\"color: var(--tcb-color-2)  !important; --tcb-applied-color: var$(--tcb-color-2)  !important;\">En Authentic Pilates M\u00e9xico<span data-huuid=\"8276442639984244560\">\u00ae<\/span><\/p>\n<h1 style=\"text-align: left;\">Qui\u00e9n es Nora Garc\u00eda<\/h1>\n<p>Con m\u00e1s de 20 a\u00f1os de experiencia dedicada al Aut\u00e9ntico Pilates, Nora es la \u00fanica profesora de Pilates de 2\u00aa generaci\u00f3n en M\u00e9xico, formada directamente por Romana Kryzanowska, heredera de Joseph H. Pilates en Nueva York.<br \/>F\u00f3rmate en el Aut\u00e9ntico M\u00e9todo Pilates, reconocido internacionalmente por su eficacia y fidelidad a los principios originales del creador.<br \/>Al unirte a nuestra formaci\u00f3n, no solo obtendr\u00e1s el prestigioso t\u00edtulo de profesor de 3\u00aa generaci\u00f3n, un t\u00edtulo reconocido a nivel internacional, sino que tambi\u00e9n estar\u00e1s garantizando un futuro profesional lleno de oportunidades.<br \/>Este certificado te abrir\u00e1 las puertas de estudios de Pilates a nivel mundial, brind\u00e1ndote un respaldo incomparable.<br \/>Con nosotros, estar\u00e1s aprendiendo de la fuente m\u00e1s aut\u00e9ntica, convirti\u00e9ndote en un profesional respetado y capacitado para transformar vidas a trav\u00e9s del verdadero M\u00e9todo Pilates.<br \/>Formarte en Authentic Pilates M\u00e9xico es la mejor inversi\u00f3n que puedes hacer para asegurar un \u00e9xito duradero en tu carrera<\/p>\n<h1 style=\"text-align: left;\">Certificacion Internacional para instructores de Pilates<\/h1>\n<p style=\"\">CONVI\u00c9RTETE EN INSTRUCTOR DE PILATES EN 9 MESES INTENSIVOS.<\/p>\n<p style=\"\">En Authentic Pilates Mexico\u00ae\ufe0f te convertir\u00e1s en un Instructor de Pilates Aut\u00e9ntico altamente cualificado y capacitado. En tan solo 9 meses dominar\u00e1s el uso y la ense\u00f1anza de TODOS los aparatos y accesorios, al mismo tiempo que estar\u00e1s listo para dise\u00f1ar clases a la medida de tus clientes.<\/p>\n<p style=\"\">\u00a1Adem\u00e1s, te ayudamos a que encuentres empleo, en<br \/>cuanto termines tu formaci\u00f3n, a trav\u00e9s de nuestra red<br \/>de contactos y bolsa de empleo!&nbsp;<\/p>\n<h1 style=\"text-align: left;\"><strong>Certificaci\u00f3n 2026<\/strong><\/h1>\n<p style=\"\">En Authentic Pilates M\u00e9xico\u00ae, nos enorgullece ser un referente de excelencia en la ense\u00f1anza del M\u00e9todo Pilates, basado en la tradici\u00f3n de Joseph Pilates y Romana Kryzanowska a trav\u00e9s del arte del control, <em>Controlog\u00eda<\/em>.<\/p>\n<p>Iniciamos en octubre 2026<\/p>\n<p style=\"\">\u00bfTienes preguntas o quieres contactarnos?&nbsp;<\/p>\n<p style=\"\">\u00bfQuieres saber m\u00e1s?&nbsp;<\/p>\n<p style=\"text-align: center;\">01<\/p>\n<p style=\"color: var(--tcb-color-2) !important; --tcb-applied-color: var$(--tcb-color-2) !important;\"><strong><span style=\"--tcb-applied-color: var$(--tcb-color-2) !important;\">01<\/span><\/strong><a data-tcb_hover_state_parent=\"\" href=\"#tve-jump-18dc2792447\" jump-animation=\"smooth\" style=\"outline: none;\"> Llena tu ficha de solicitud de inscripci\u00f3n aqu\u00ed<\/a><\/p>\n<p><a href=\"#tve-jump-18dc2792447\" jump-animation=\"smooth\"><\/a><\/p>\n<p style=\"text-align: center;\">01<\/p>\n<p style=\"\"><strong><span style=\"\">02<\/span><\/strong><span style=\"\">&nbsp;<\/span>Agenda una entrevista clase de evaluaci\u00f3n con Nora Garc\u00eda.<\/p>\n<p><span style=\"font-size: 27px !important;\">Tenemos s\u00f3lo <\/span><strong>12 lugares disponibles<\/strong><\/p>\n<p style=\"\">En Authentic Pilates M\u00e9xico<span data-huuid=\"8276442639984244560\">\u00ae<\/span><\/p>\n<h2 style=\"text-align: center; color: var(--tcb-color-2) !important; --tcb-applied-color: var$(--tcb-color-2) !important;\">Descubre tu potencial como instructor de Pilates<\/h2>\n<p style=\"\">Sum\u00e9rgete en una experiencia de formaci\u00f3n \u00fanica con nuestra Metodolog\u00eda de Ense\u00f1anza, dise\u00f1ada para brindarte habilidades s\u00f3lidas y una profunda comprensi\u00f3n y ejecuci\u00f3n del M\u00e9todo Pilates Aut\u00e9ntico.<\/p>\n<p style=\"\">En tres m\u00f3dulos te\u00f3rico-pr\u00e1cticos liderados por profesores experimentados de talla internacional, recibir\u00e1s aproximadamente 600 horas de entrena- miento, pr\u00e1ctica y teor\u00eda.<\/p>\n<p style=\"\">En 200 horas de pr\u00e1ctica intensiva despu\u00e9s de cada m\u00f3dulo, desglosamos minuciosamente lo aprendido para asimilar y practicar los conocimientos, lo que te permitir\u00e1 trabajar con clientes reales.<\/p>\n<p style=\"\">En el transcurso del curso, recibir\u00e1s 30 clases individuales y tendr\u00e1s acceso a 30 entrenamientos en grupo, estrat\u00e9gicamente distribuidos.<\/p>\n<p><span><img decoding=\"async\" alt=\"\" data-id=\"1346\" width=\"561\" data-init-width=\"1200\" height=\"536\" data-init-height=\"1147\" title=\"certificacion-pilates-authentic\" loading=\"lazy\" src=\"https:\/\/authenticpilatesmexico.com\/wp\/wp-content\/uploads\/2025\/07\/certificacion-pilates-authentic.webp\" data-width=\"561\" data-height=\"536\" style=\"aspect-ratio: auto 1200 \/ 1147;\"><\/span><\/p>\n<p style=\"\">Tenemos experiencia internacional<\/p>\n<h2 style=\"text-align: center;\">Nuestro enfoque \u00fanico<\/h2>\n<p style=\"text-align: center;\">No solo ense\u00f1amos <strong>Pilates<\/strong>, lo vivimos y respiramos. Nuestro curso extremadamente did\u00e1ctico te sumergir\u00e1 en la esencia misma del Pilates. Desde el Pre-curso hasta el M\u00f3dulo Avanzado, cada etapa de nuestro programa de formaci\u00f3n de instructores te guiar\u00e1 a trav\u00e9s de un viaje educativo transformador.<\/p>\n<h2 style=\"\">Certificacion Internacional para instructores de Pilates<\/h2>\n<h2 style=\"\">octubre 2026<\/h2>\n<h6 style=\"\"><span style=\"\">01<\/span>.<\/h6>\n<p style=\"text-align: left; color: rgb(26, 26, 26) !important; --tcb-applied-color: rgb(26, 26, 26) !important;\"><strong>Pre Modulo:<\/strong> 10 Clases Individuales y 10 grupales preparatorias..<\/p>\n<p style=\"text-align: left; color: rgb(26, 26, 26) !important; --tcb-applied-color: rgb(26, 26, 26) !important;\">Las clases deber\u00e1n de programarse y concluirse antes del inicio del m\u00f3dulo b\u00e1sico, a m\u00e1s tardar el martes 18 de septiembre de 2026*<\/p>\n<h6 style=\"\">02.<\/h6>\n<p style=\"text-align: left; color: rgb(26, 26, 26) !important; --tcb-applied-color: rgb(26, 26, 26) !important;\"><strong>M\u00d3DULO B\u00c1SICO<\/strong><\/p>\n<p style=\"text-align: left; color: rgb(26, 26, 26) !important; --tcb-applied-color: rgb(26, 26, 26) !important;\">Del jueves 1 al domingo 4 de octubre de 2026.<\/p>\n<h6 style=\"\">03.<\/h6>\n<p style=\"text-align: left; color: rgb(26, 26, 26) !important; --tcb-applied-color: rgb(26, 26, 26) !important;\"><strong>Post M\u00f3dulo: <\/strong>200 horas<\/p>\n<p style=\"text-align: left; color: rgb(26, 26, 26) !important; --tcb-applied-color: rgb(26, 26, 26) !important;\">Estudio y pr\u00e1ctica durante octubre,noviembre y diciembre 2026.<\/p>\n<p><!--! Font Awesome Free 6.7.1 by @fontawesome - https:\/\/fontawesome.com License - https:\/\/fontawesome.com\/license\/free (Icons: CC BY 4.0, Fonts: SIL OFL 1.1, Code: MIT License) Copyright 2024 Fonticons, Inc. --><\/p>\n<p style=\"text-align: left;\">A lo largo del M\u00d3DULO B\u00c1SICO contar\u00e1s con entrenamientos semanales y mensuales + tareas + ex\u00e1menes te\u00f3rico-pr\u00e1cticos.<\/p>\n<h2 style=\"\">M\u00f3dulo Intermedio<\/h2>\n<p style=\"text-align: left; color: rgb(26, 26, 26) !important; --tcb-applied-color: rgb(26, 26, 26) !important;\"><strong>Pre m\u00f3dulo:<\/strong> concluir antes del viernes 15 de enero del 2027<\/p>\n<h6 style=\"\">04.<\/h6>\n<p style=\"text-align: left; color: rgb(26, 26, 26) !important; --tcb-applied-color: rgb(26, 26, 26) !important;\"><strong><strong>M\u00f3dulo:<\/strong><\/strong>&nbsp;200 horas<br \/>del mi\u00e9rcoles 27 de enero al domingo 31 de enero del 2027<\/p>\n<h6 style=\"\">05.<\/h6>\n<p style=\"text-align: left; color: rgb(26, 26, 26) !important; --tcb-applied-color: rgb(26, 26, 26) !important;\"><strong><strong>Post M\u00f3dulo:<\/strong><\/strong>&nbsp;200 horas<br \/>Estudio y pr\u00e1ctica durante febrero, marzo y abril 2027<\/p>\n<p><!--! Font Awesome Free 6.7.1 by @fontawesome - https:\/\/fontawesome.com License - https:\/\/fontawesome.com\/license\/free (Icons: CC BY 4.0, Fonts: SIL OFL 1.1, Code: MIT License) Copyright 2024 Fonticons, Inc. --><\/p>\n<p style=\"text-align: left;\">A lo largo del M\u00d3DULO <span style=\"text-transform: uppercase !important;\">Intermedio<\/span> contar\u00e1s con entrenamientos semanales y mensuales + tareas + ex\u00e1menes te\u00f3rico-pr\u00e1cticos.<\/p>\n<h2 style=\"\">M\u00f3dulo Avanzado<\/h2>\n<p style=\"text-align: left; color: rgb(26, 26, 26) !important; --tcb-applied-color: rgb(26, 26, 26) !important;\">\u200b<\/p>\n<h6 style=\"\">06.<\/h6>\n<p style=\"text-align: left; color: rgb(26, 26, 26) !important; --tcb-applied-color: rgb(26, 26, 26) !important;\"><strong>Pre-m\u00f3dulo:<\/strong><br \/>10 clases individuales preparatorias.<br \/>Las clases deber\u00e1n de programarse y concluirse antes del ijueves 15 de abril de 2027*<\/p>\n<h6 style=\"\">07.<\/h6>\n<p style=\"text-align: left; color: rgb(26, 26, 26) !important; --tcb-applied-color: rgb(26, 26, 26) !important;\"><strong>Post M\u00f3dulo:&nbsp;<\/strong>200 horas<br \/>Estudio y pr\u00e1ctica durante mayo, junio y julio 2027.<br \/>Entrenamientos semanales y mensuales + tarea + ex\u00e1menes te\u00f3rico-pr\u00e1cticos.<\/p>\n<p><!--! Font Awesome Free 6.7.1 by @fontawesome - https:\/\/fontawesome.com License - https:\/\/fontawesome.com\/license\/free (Icons: CC BY 4.0, Fonts: SIL OFL 1.1, Code: MIT License) Copyright 2024 Fonticons, Inc. --><\/p>\n<p style=\"text-align: left;\">Ex\u00e1menes finales<\/p>\n<p style=\"text-align: left; color: rgb(26, 26, 26) !important; --tcb-applied-color: rgb(26, 26, 26) !important;\"><strong>Jueves 29 de junio, viernes 30 de julio y s\u00e1bado 31 de julio de 2027**<\/strong><\/p>\n<p><!--! Font Awesome Free 6.7.1 by @fontawesome - https:\/\/fontawesome.com License - https:\/\/fontawesome.com\/license\/free (Icons: CC BY 4.0, Fonts: SIL OFL 1.1, Code: MIT License) Copyright 2024 Fonticons, Inc. --><\/p>\n<p style=\"text-align: left;\">A lo largo del<span style=\"text-transform: uppercase !important;\"> M\u00f3dulo Avanzado<\/span> contar\u00e1s con entrenamientos semanales y mensuales + tareas + ex\u00e1menes te\u00f3rico-pr\u00e1cticos.<\/p>\n<h6 style=\"\">*<\/h6>\n<p style=\"color: rgb(26, 26, 26) !important; --tcb-applied-color: rgb(26, 26, 26) !important;\">*Programa tus clases en cuanto te inscribas.<br \/>**Retest: Si es necesario repetir alg\u00fan examen, la direcci\u00f3n asignar\u00e1 la fecha, hora y programa a seguir.<\/p>\n<h2 style=\"text-align: center;\">Solicitud de inscripci\u00f3n<\/h2>\n<ul>\n<li><span style=\"\">Llenar ficha de solicitud de inscripci\u00f3n<\/span><\/li>\n<li><span style=\"\">Entrevista con Nora Garc\u00eda y clase de evaluaci\u00f3n.<\/span><\/li>\n<li><span style=\"\">Fecha l\u00edmite de inscripci\u00f3n: 1 mayo 2024.<\/span><\/li>\n<\/ul>\n<p style=\"\">\u00bfTienes alguna duda?&nbsp;<\/p>\n<p style=\"\">55 52 81 02 39<\/p>\n<p style=\"\">certificacion@authenticpilatesmexico.com<\/p>\n<p><a href=\"https:\/\/wa.me\/5565372726\" target=\"_blank\"><\/a><\/p>\n<p style=\"\">55 65 37 27 26<\/p>\n<h1 style=\"\">Costo y modalidades de pago<\/h1>\n<p style=\"\">Pregunta por nuestros planes de financiamiento<\/p>\n<p><a href=\"#\"><span style=\"\"><span style=\"\">1 Pago<\/span><\/span><\/a><\/p>\n<h3 style=\"color: var(--tcb-color-2) !important; --tcb-applied-color: var$(--tcb-color-2) !important;\">Pago en una sola exibici\u00f3n<\/h3>\n<ul>\n<li style=\"\"><span style=\"\">Precio regular fuera de promoci\u00f3n: <strong>$112,500<\/strong> (Ciento doce mil quinientos 00\/100 M. N.)<\/span><\/li>\n<li style=\"\"><span style=\"\">Pago por transferencia: <strong>$108,500<\/strong> (Ciento ocho mil quinientos 00\/100 M. N.) en tres pagos.&nbsp;<\/span><\/li>\n<li style=\"\"><span style=\"\">En una sola exhibici\u00f3n.&nbsp;<\/span><\/li>\n<li style=\"\"><span style=\"\">Aceptamos todas las tarjetas<\/span><\/li>\n<\/ul>\n<h3 style=\"color: var(--tcb-color-2) !important; --tcb-applied-color: var$(--tcb-color-2) !important;\">Pago por m\u00f3dulo<\/h3>\n<ul>\n<li style=\"\"><span style=\"\">Pago por m\u00f3dulo: Tres pagos de <strong>$37,500.00<\/strong> (Treintra y siete mil quinientos.) &nbsp;<\/span><\/li>\n<li style=\"\"><span style=\"\">Tenemos planes de financiamiento, pregunta por ellos<\/span><\/li>\n<\/ul>\n<p style=\"\">55 52 81 02 39<\/p>\n<p style=\"\">certificacion@authenticpilatesmexico.com<\/p>\n<p><a href=\"https:\/\/wa.me\/5565372726\" target=\"_blank\"><\/a><\/p>\n<p style=\"\">55 65 37 27 26<\/p>\n<h2 style=\"text-align: center;\">Nuestros estudiantes opinan<\/h2>\n<p style=\"\">Estupendos! Respetan el aforo, los protocolos y la t\u00e9cnica!!!!! Tengo 15 a\u00f1os practicando con ellos y el trabajo se nota. Adem\u00e1s, tiene un patio interior que permite la circulaci\u00f3n del aire al natura. Elige tu formato de clases m\u00e1s conveniente, en l\u00ednea y\/o presenciales. S\u00faper recomendados!<\/p>\n<p style=\"\">Google reviews<\/p>\n<p style=\"\">Me encantan su clases. Conocen a la perfecci\u00f3n el m\u00e9todo cl\u00e1sico. Los profesores est\u00e1n muy bien preparados y te cuidan todo el tiempo, si tienes antecedentes o cuestiones particulares que atender. Excelente servicio.<\/p>\n<p style=\"\">Opini\u00f3n de Facebook<\/p>\n<p style=\"\">Un excelente lugar para practicar el m\u00e9todo! Ahora siempre que visito M\u00e9xico me apunto a sus clases. Muy buenos instructores, super dedicados y cuidadosos en todas las practicas.<\/p>\n<p style=\"\">Google reviews<\/p>\n","protected":false},"excerpt":{"rendered":"<p>Authentic Pilates M\u00e9xico Curso de Certificaci\u00f3n para Instructores de Pilates En Authentic Pilates M\u00e9xico, nos enorgullece ser un referente de excelencia en la ense\u00f1anza del M\u00e9todo Pilates Cl\u00e1sico, basado en la tradici\u00f3n de Joseph Pilates En Authentic Pilates M\u00e9xico\u00ae Qui\u00e9n es Nora Garc\u00eda Con m\u00e1s de 20 a\u00f1os de experiencia dedicada al Aut\u00e9ntico Pilates, Nora [&hellip;]<\/p>\n","protected":false},"author":2,"featured_media":0,"parent":0,"menu_order":0,"comment_status":"closed","ping_status":"closed","template":"","meta":{"_monsterinsights_skip_tracking":false,"_monsterinsights_sitenote_active":false,"_monsterinsights_sitenote_note":"","_monsterinsights_sitenote_category":0,"footnotes":""},"class_list":["post-1066","page","type-page","status-publish","hentry","post-wrapper","thrv_wrapper"],"_links":{"self":[{"href":"https:\/\/authenticpilatesmexico.com\/wp\/wp-json\/wp\/v2\/pages\/1066","targetHints":{"allow":["GET"]}}],"collection":[{"href":"https:\/\/authenticpilatesmexico.com\/wp\/wp-json\/wp\/v2\/pages"}],"about":[{"href":"https:\/\/authenticpilatesmexico.com\/wp\/wp-json\/wp\/v2\/types\/page"}],"author":[{"embeddable":true,"href":"https:\/\/authenticpilatesmexico.com\/wp\/wp-json\/wp\/v2\/users\/2"}],"replies":[{"embeddable":true,"href":"https:\/\/authenticpilatesmexico.com\/wp\/wp-json\/wp\/v2\/comments?post=1066"}],"version-history":[{"count":236,"href":"https:\/\/authenticpilatesmexico.com\/wp\/wp-json\/wp\/v2\/pages\/1066\/revisions"}],"predecessor-version":[{"id":1480,"href":"https:\/\/authenticpilatesmexico.com\/wp\/wp-json\/wp\/v2\/pages\/1066\/revisions\/1480"}],"wp:attachment":[{"href":"https:\/\/authenticpilatesmexico.com\/wp\/wp-json\/wp\/v2\/media?parent=1066"}],"curies":[{"name":"wp","href":"https:\/\/api.w.org\/{rel}","templated":true}]}}